{"id":8152,"date":"2021-08-20T09:40:35","date_gmt":"2021-08-20T09:40:35","guid":{"rendered":"https:\/\/www.diabolo.com\/kontakt\/"},"modified":"2025-04-10T07:52:53","modified_gmt":"2025-04-10T07:52:53","slug":"kontakt","status":"publish","type":"page","link":"https:\/\/www.diabolo.com\/de\/kontakt\/","title":{"rendered":"Kontakt"},"content":{"rendered":"<p>[vc_section content_placement=&#8220;middle&#8220; el_class=&#8220;two-cols-content fullheight-row&#8220; el_id=&#8220;jobs&#8220;][vc_row el_class=&#8220;inversedcol&#8220;][vc_column width=&#8220;1\/2&#8243;][vc_row_inner][vc_column_inner width=&#8220;1\/6&#8243;][\/vc_column_inner][vc_column_inner width=&#8220;2\/3&#8243;][vc_column_text]<\/p>\n<h1>Haben Sie Lust, sich <span class=\"orange\">unserem Team anzuschlie\u00dfen ?<\/span><\/h1>\n<p>Wir sind immer auf der Suche nach neuen kreativen Talenten. Wenn Sie Trends verfolgen und einen Sinn f\u00fcr \u00c4sthetik haben, z\u00f6gern Sie nicht, sich zu bewerben.[\/vc_column_text][vc_raw_html]W2Rpc3BsYXktam9iLW9mZmVyc10=[\/vc_raw_html][vc_column_text]<em>Derzeit haben wir keine offenen Posts.<\/em>[\/vc_column_text][\/vc_column_inner][vc_column_inner width=&#8220;1\/6&#8243;][\/vc_column_inner][\/vc_row_inner][\/vc_column][vc_column width=&#8220;1\/2&#8243; el_class=&#8220;echellesvg&#8220;][vc_raw_html]W2VjaGVsbGVTVkdd[\/vc_raw_html][\/vc_column][\/vc_row][\/vc_section]<\/p>\n","protected":false},"excerpt":{"rendered":"<p>[vc_section content_placement=&#8220;middle&#8220; el_class=&#8220;two-cols-content fullheight-row&#8220; el_id=&#8220;jobs&#8220;][vc_row el_class=&#8220;inversedcol&#8220;][vc_column width=&#8220;1\/2&#8243;][vc_row_inner][vc_column_inner width=&#8220;1\/6&#8243;][\/vc_column_inner][vc_column_inner width=&#8220;2\/3&#8243;][vc_column_text] Haben Sie Lust, sich unserem Team anzuschlie\u00dfen ? Wir sind immer auf der Suche nach neuen kreativen Talenten. Wenn Sie Trends verfolgen und einen Sinn f\u00fcr \u00c4sthetik haben, z\u00f6gern Sie nicht, [&hellip;]<\/p>\n","protected":false},"author":1,"featured_media":0,"parent":0,"menu_order":0,"comment_status":"closed","ping_status":"closed","template":"template-contact.php","meta":{"inline_featured_image":false,"_monsterinsights_skip_tracking":false,"_monsterinsights_sitenote_active":false,"_monsterinsights_sitenote_note":"","_monsterinsights_sitenote_category":0,"footnotes":""},"class_list":["post-8152","page","type-page","status-publish","hentry"],"acf":[],"yoast_head":"<!-- This site is optimized with the Yoast SEO plugin v27.3 - https:\/\/yoast.com\/product\/yoast-seo-wordpress\/ -->\n<title>Diabolo Design | Kontakt<\/title>\n<meta name=\"description\" content=\"Besuchen Sie uns in der Agentur. Unser Team wird Sie in allen Phasen Ihres Projekts beraten und begleiten.\" \/>\n<meta name=\"robots\" content=\"index, follow, max-snippet:-1, max-image-preview:large, max-video-preview:-1\" \/>\n<link rel=\"canonical\" href=\"https:\/\/www.diabolo.com\/de\/kontakt\/\" \/>\n<meta property=\"og:locale\" content=\"de_DE\" \/>\n<meta property=\"og:type\" content=\"article\" \/>\n<meta property=\"og:title\" content=\"Diabolo Design | Kontakt\" \/>\n<meta property=\"og:description\" content=\"Besuchen Sie uns in der Agentur. Unser Team wird Sie in allen Phasen Ihres Projekts beraten und begleiten.\" \/>\n<meta property=\"og:url\" content=\"https:\/\/www.diabolo.com\/de\/kontakt\/\" \/>\n<meta property=\"og:site_name\" content=\"Diabolo Design\" \/>\n<meta property=\"article:modified_time\" content=\"2025-04-10T07:52:53+00:00\" \/>\n<meta name=\"twitter:card\" content=\"summary_large_image\" \/>\n<meta name=\"twitter:label1\" content=\"Gesch\u00e4tzte Lesezeit\" \/>\n\t<meta name=\"twitter:data1\" content=\"1\u00a0Minute\" \/>\n<script type=\"application\/ld+json\" class=\"yoast-schema-graph\">{\"@context\":\"https:\\\/\\\/schema.org\",\"@graph\":[{\"@type\":\"WebPage\",\"@id\":\"https:\\\/\\\/www.diabolo.com\\\/de\\\/kontakt\\\/\",\"url\":\"https:\\\/\\\/www.diabolo.com\\\/de\\\/kontakt\\\/\",\"name\":\"Diabolo Design | Kontakt\",\"isPartOf\":{\"@id\":\"https:\\\/\\\/www.diabolo.com\\\/#website\"},\"datePublished\":\"2021-08-20T09:40:35+00:00\",\"dateModified\":\"2025-04-10T07:52:53+00:00\",\"description\":\"Besuchen Sie uns in der Agentur. Unser Team wird Sie in allen Phasen Ihres Projekts beraten und begleiten.\",\"breadcrumb\":{\"@id\":\"https:\\\/\\\/www.diabolo.com\\\/de\\\/kontakt\\\/#breadcrumb\"},\"inLanguage\":\"de\",\"potentialAction\":[{\"@type\":\"ReadAction\",\"target\":[\"https:\\\/\\\/www.diabolo.com\\\/de\\\/kontakt\\\/\"]}]},{\"@type\":\"BreadcrumbList\",\"@id\":\"https:\\\/\\\/www.diabolo.com\\\/de\\\/kontakt\\\/#breadcrumb\",\"itemListElement\":[{\"@type\":\"ListItem\",\"position\":1,\"name\":\"Accueil\",\"item\":\"https:\\\/\\\/www.diabolo.com\\\/de\\\/startseite\\\/\"},{\"@type\":\"ListItem\",\"position\":2,\"name\":\"Kontakt\"}]},{\"@type\":\"WebSite\",\"@id\":\"https:\\\/\\\/www.diabolo.com\\\/#website\",\"url\":\"https:\\\/\\\/www.diabolo.com\\\/\",\"name\":\"Diabolo Design\",\"description\":\"Agence de communication \u00e0 vevey\",\"publisher\":{\"@id\":\"https:\\\/\\\/www.diabolo.com\\\/#organization\"},\"potentialAction\":[{\"@type\":\"SearchAction\",\"target\":{\"@type\":\"EntryPoint\",\"urlTemplate\":\"https:\\\/\\\/www.diabolo.com\\\/?s={search_term_string}\"},\"query-input\":{\"@type\":\"PropertyValueSpecification\",\"valueRequired\":true,\"valueName\":\"search_term_string\"}}],\"inLanguage\":\"de\"},{\"@type\":\"Organization\",\"@id\":\"https:\\\/\\\/www.diabolo.com\\\/#organization\",\"name\":\"Diabolo Design\",\"url\":\"https:\\\/\\\/www.diabolo.com\\\/\",\"logo\":{\"@type\":\"ImageObject\",\"inLanguage\":\"de\",\"@id\":\"https:\\\/\\\/www.diabolo.com\\\/#\\\/schema\\\/logo\\\/image\\\/\",\"url\":\"https:\\\/\\\/www.diabolo.com\\\/wp-content\\\/uploads\\\/2022\\\/04\\\/diabolo-logo.png\",\"contentUrl\":\"https:\\\/\\\/www.diabolo.com\\\/wp-content\\\/uploads\\\/2022\\\/04\\\/diabolo-logo.png\",\"width\":230,\"height\":228,\"caption\":\"Diabolo Design\"},\"image\":{\"@id\":\"https:\\\/\\\/www.diabolo.com\\\/#\\\/schema\\\/logo\\\/image\\\/\"}}]}<\/script>\n<!-- \/ Yoast SEO plugin. -->","yoast_head_json":{"title":"Diabolo Design | Kontakt","description":"Besuchen Sie uns in der Agentur. Unser Team wird Sie in allen Phasen Ihres Projekts beraten und begleiten.","robots":{"index":"index","follow":"follow","max-snippet":"max-snippet:-1","max-image-preview":"max-image-preview:large","max-video-preview":"max-video-preview:-1"},"canonical":"https:\/\/www.diabolo.com\/de\/kontakt\/","og_locale":"de_DE","og_type":"article","og_title":"Diabolo Design | Kontakt","og_description":"Besuchen Sie uns in der Agentur. Unser Team wird Sie in allen Phasen Ihres Projekts beraten und begleiten.","og_url":"https:\/\/www.diabolo.com\/de\/kontakt\/","og_site_name":"Diabolo Design","article_modified_time":"2025-04-10T07:52:53+00:00","twitter_card":"summary_large_image","twitter_misc":{"Gesch\u00e4tzte Lesezeit":"1\u00a0Minute"},"schema":{"@context":"https:\/\/schema.org","@graph":[{"@type":"WebPage","@id":"https:\/\/www.diabolo.com\/de\/kontakt\/","url":"https:\/\/www.diabolo.com\/de\/kontakt\/","name":"Diabolo Design | Kontakt","isPartOf":{"@id":"https:\/\/www.diabolo.com\/#website"},"datePublished":"2021-08-20T09:40:35+00:00","dateModified":"2025-04-10T07:52:53+00:00","description":"Besuchen Sie uns in der Agentur. Unser Team wird Sie in allen Phasen Ihres Projekts beraten und begleiten.","breadcrumb":{"@id":"https:\/\/www.diabolo.com\/de\/kontakt\/#breadcrumb"},"inLanguage":"de","potentialAction":[{"@type":"ReadAction","target":["https:\/\/www.diabolo.com\/de\/kontakt\/"]}]},{"@type":"BreadcrumbList","@id":"https:\/\/www.diabolo.com\/de\/kontakt\/#breadcrumb","itemListElement":[{"@type":"ListItem","position":1,"name":"Accueil","item":"https:\/\/www.diabolo.com\/de\/startseite\/"},{"@type":"ListItem","position":2,"name":"Kontakt"}]},{"@type":"WebSite","@id":"https:\/\/www.diabolo.com\/#website","url":"https:\/\/www.diabolo.com\/","name":"Diabolo Design","description":"Agence de communication \u00e0 vevey","publisher":{"@id":"https:\/\/www.diabolo.com\/#organization"},"potentialAction":[{"@type":"SearchAction","target":{"@type":"EntryPoint","urlTemplate":"https:\/\/www.diabolo.com\/?s={search_term_string}"},"query-input":{"@type":"PropertyValueSpecification","valueRequired":true,"valueName":"search_term_string"}}],"inLanguage":"de"},{"@type":"Organization","@id":"https:\/\/www.diabolo.com\/#organization","name":"Diabolo Design","url":"https:\/\/www.diabolo.com\/","logo":{"@type":"ImageObject","inLanguage":"de","@id":"https:\/\/www.diabolo.com\/#\/schema\/logo\/image\/","url":"https:\/\/www.diabolo.com\/wp-content\/uploads\/2022\/04\/diabolo-logo.png","contentUrl":"https:\/\/www.diabolo.com\/wp-content\/uploads\/2022\/04\/diabolo-logo.png","width":230,"height":228,"caption":"Diabolo Design"},"image":{"@id":"https:\/\/www.diabolo.com\/#\/schema\/logo\/image\/"}}]}},"_links":{"self":[{"href":"https:\/\/www.diabolo.com\/de\/wp-json\/wp\/v2\/pages\/8152","targetHints":{"allow":["GET"]}}],"collection":[{"href":"https:\/\/www.diabolo.com\/de\/wp-json\/wp\/v2\/pages"}],"about":[{"href":"https:\/\/www.diabolo.com\/de\/wp-json\/wp\/v2\/types\/page"}],"author":[{"embeddable":true,"href":"https:\/\/www.diabolo.com\/de\/wp-json\/wp\/v2\/users\/1"}],"replies":[{"embeddable":true,"href":"https:\/\/www.diabolo.com\/de\/wp-json\/wp\/v2\/comments?post=8152"}],"version-history":[{"count":25,"href":"https:\/\/www.diabolo.com\/de\/wp-json\/wp\/v2\/pages\/8152\/revisions"}],"predecessor-version":[{"id":9478,"href":"https:\/\/www.diabolo.com\/de\/wp-json\/wp\/v2\/pages\/8152\/revisions\/9478"}],"wp:attachment":[{"href":"https:\/\/www.diabolo.com\/de\/wp-json\/wp\/v2\/media?parent=8152"}],"curies":[{"name":"wp","href":"https:\/\/api.w.org\/{rel}","templated":true}]}}