{"id":8180,"date":"2021-08-20T09:40:08","date_gmt":"2021-08-20T09:40:08","guid":{"rendered":"https:\/\/www.diabolo.com\/kompetenzen\/"},"modified":"2025-07-18T14:52:47","modified_gmt":"2025-07-18T14:52:47","slug":"kompetenzen","status":"publish","type":"page","link":"https:\/\/www.diabolo.com\/de\/kompetenzen\/","title":{"rendered":"Kompetenzen"},"content":{"rendered":"<p>[vc_section el_id=&#8220;workshop&#8220; el_class=&#8220;two-cols-content fullheight-row&#8220;][vc_row gap=&#8220;10&#8243; el_class=&#8220;ic-1 clip-path-image-section&#8220;][vc_column width=&#8220;4\/12&#8243; el_class=&#8220;icon dd-parralax&#8220;][vc_single_image image=&#8220;2604&#8243; img_size=&#8220;full&#8220; el_class=&#8220;triangle-clip-path&#8220;][\/vc_column][vc_column width=&#8220;5\/12&#8243; el_class=&#8220;dd-opacity dd-parralax clip-path-image-text&#8220;][vc_column_text]<\/p>\n<h1>Workshop<\/h1>\n<p><strong>Dies ist ein wichtiger Schritt f\u00fcr die Koh\u00e4renz Ihrer Kommunikation.<\/strong><\/p>\n<p data-start=\"189\" data-end=\"485\">Unsere Analyse-Workshops bei <strong data-start=\"194\" data-end=\"205\">Diabolo<\/strong> wurden entwickelt, um Ihnen eine <strong data-start=\"266\" data-end=\"297\">klare und strukturierte Vision<\/strong> Ihres Projekts zu bieten.<br data-start=\"314\" data-end=\"317\">Sie erm\u00f6glichen es Ihnen, Ihre <strong data-start=\"376\" data-end=\"388\">Identit\u00e4t<\/strong> besser zu verstehen, eine <strong data-start=\"405\" data-end=\"445\">koh\u00e4rente Kommunikationsstrategie<\/strong> zu definieren und Ihre Aktionen effizient auszurichten.<\/p>\n<p data-start=\"487\" data-end=\"645\">Da eine sinnvolle Strategie auf einem genauen Verst\u00e4ndnis Ihrer Herausforderungen beruht, helfen Ihnen unsere Workshops dabei, eine solide Grundlage f\u00fcr Ihre Kommunikation zu schaffen.<\/p>\n<p>&#8222;Der Wind ist g\u00fcnstig f\u00fcr denjenigen, der wei\u00df, wohin er f\u00e4hrt&#8220;.<br \/>\nWir helfen Ihnen, diesen Weg zu gehen.[\/vc_column_text][vc_btn title=&#8220;Zu den Workshop-Projekten&#8220; align=&#8220;center&#8220; link=&#8220;url:https%3A%2F%2Fdiabolo.com%2Fcategory%2Fcampagne-de-communication%2F|title:Portfolio|&#8220;][\/vc_column][vc_column width=&#8220;3\/12&#8243; el_class=&#8220;dd-opacity&#8220;][vc_column_text]<\/p>\n<h4>Anwendungen<\/h4>\n<ul>\n<li>Erstellung des Firmennamens<\/li>\n<li>Analyse der Marke<\/li>\n<li>Definition von Werten<\/li>\n<li>St\u00e4rken \/ Schw\u00e4chen<\/li>\n<li>Verst\u00e4ndnis des Ziels<\/li>\n<li>\n<div class=\"\">Brainstorming<\/div>\n<\/li>\n<li>\n<div class=\"\">Speed Design<\/div>\n<\/li>\n<li>Teamworking<\/li>\n<li>Mindmap (Mind Map)<\/li>\n<\/ul>\n<p>[\/vc_column_text][\/vc_column][\/vc_row][\/vc_section][vc_section el_id=&#8220;print&#8220; el_class=&#8220;two-cols-content fullheight-row darkgrey-section&#8220;][vc_row el_class=&#8220;ic-2 clip-path-image-section&#8220;][vc_column width=&#8220;4\/12&#8243; el_class=&#8220;icon&#8220;][vc_single_image image=&#8220;2606&#8243; img_size=&#8220;full&#8220; el_class=&#8220;square-clip-path&#8220;][\/vc_column][vc_column width=&#8220;5\/12&#8243; el_class=&#8220;dd-opacity dd-parralax clip-path-image-text&#8220;][vc_column_text]<\/p>\n<h1>Drucken<\/h1>\n<p><strong>Ein wichtiges Know-how f\u00fcr sich st\u00e4ndig ver\u00e4ndernde Medien.<\/strong><\/p>\n<p data-start=\"198\" data-end=\"701\"><strong data-start=\"215\" data-end=\"226\">Diabolo<\/strong> unterst\u00fctzt seine Kunden seit jeher bei der Erstellung von Drucksachen, von raffinierten <strong data-start=\"307\" data-end=\"320\">Unternehmensbrosch\u00fcren<\/strong> \u00fcber aussagekr\u00e4ftige <strong data-start=\"345\" data-end=\"355\">Flyer<\/strong> f\u00fcr Werbekampagnen bis hin zu auff\u00e4lligen <strong data-start=\"415\" data-end=\"441\">Werbetafeln<\/strong>.<br data-start=\"473\" data-end=\"476\">Wir arbeiten mit einer Vielzahl von Materialien &#8211; Papier, Metall, Kunststoff, Planen, Leinwand &#8211; und entwickeln auch individuelle <strong data-start=\"612\" data-end=\"629\" data-is-only-node=\"\">Merchandising-Projekte<\/strong>, um Ihre Sichtbarkeit auf dem Spielfeld zu erh\u00f6hen.<\/p>\n<p data-start=\"703\" data-end=\"931\">Mit einem Netzwerk von Druckereien, das von traditionellen Handwerksbetrieben bis hin zu den technologisch fortschrittlichsten Partnern reicht, bieten wir Ihnen eine Reihe von ma\u00dfgeschneiderten L\u00f6sungen, die Kreativit\u00e4t, technisches Know-how und strategische Relevanz miteinander verbinden.<\/p>\n<p>[\/vc_column_text][vc_btn title=&#8220;Sehen Sie sich die Printprojekte an&#8220; align=&#8220;center&#8220; link=&#8220;url:https%3A%2F%2Fdiabolo.com%2Fcategory%2Fprint%2F|title:Portfolio|&#8220;][\/vc_column][vc_column width=&#8220;3\/12&#8243;][vc_column_text el_class=&#8220;dd-opacity&#8220;]<\/p>\n<h4>Anwendungen<\/h4>\n<ul>\n<li>Prestigetr\u00e4chtige Plaketten<\/li>\n<li>Institutionelle Brosch\u00fcren<\/li>\n<li>Corporate-Dokumente<\/li>\n<li>Verpackung<\/li>\n<li>Faltbl\u00e4tter und Flyer<\/li>\n<li>Markierung von Fahrzeugen<\/li>\n<li>Bauplanen<\/li>\n<li>Verschiedene Textilien<\/li>\n<li>Berufskleidung<\/li>\n<li>Plakat- und Werbetafeln<\/li>\n<li>Merchandising<\/li>\n<\/ul>\n<p>[\/vc_column_text][\/vc_column][\/vc_row][\/vc_section][vc_section el_id=&#8220;digital&#8220; el_class=&#8220;two-cols-content fullheight-row&#8220;][vc_row el_class=&#8220;ic-3 clip-path-image-section&#8220;][vc_column width=&#8220;4\/12&#8243; el_class=&#8220;icon&#8220;][vc_single_image image=&#8220;2583&#8243; img_size=&#8220;full&#8220; el_class=&#8220;pentagon-clip-path&#8220;][\/vc_column][vc_column width=&#8220;5\/12&#8243; el_class=&#8220;dd-opacity dd-parralax clip-path-image-text&#8220;][vc_column_text]<\/p>\n<h1>Digital<\/h1>\n<p><strong>Das skalierbarste Kommunikationsmedium aller Zeiten.<\/strong><\/p>\n<p data-start=\"182\" data-end=\"540\">Websites, Newsletter, Pressemitteilungen, digitale Einladungen, soziale Netzwerke&#8230;<br data-start=\"268\" data-end=\"271\">Wir erstellen digitale Medien, die auf Ihre Bed\u00fcrfnisse zugeschnitten sind und sich mit Ihrer Kommunikation entwickeln.<br data-start=\"377\" data-end=\"380\">Dank eines Content Management Systems (CMS) behalten Sie die Kontrolle \u00fcber Ihre Ver\u00f6ffentlichungen und k\u00f6nnen Texte, Bilder und Nachrichten selbstst\u00e4ndig bearbeiten.<\/p>\n<p data-start=\"542\" data-end=\"714\">Bei <strong data-start=\"547\" data-end=\"558\">Diabolo<\/strong> entwickeln wir jedes digitale Projekt in enger Zusammenarbeit mit Ihnen, um ein ma\u00dfgeschneidertes Ergebnis zu erzielen, das Ihrem Image und Ihren Ambitionen gerecht wird.<\/p>\n<p>[\/vc_column_text][vc_btn title=&#8220;Digitale Projekte ansehen&#8220; align=&#8220;center&#8220; link=&#8220;url:https%3A%2F%2Fdiabolo.com%2Fcategory%2Fsite-web%2F|title:Portfolio|&#8220;][\/vc_column][vc_column width=&#8220;3\/12&#8243; el_class=&#8220;dd-opacity&#8220;][vc_column_text]<\/p>\n<h4>Anwendungen<\/h4>\n<ul>\n<li>Website<\/li>\n<li>E-Commerce<\/li>\n<li>E-Newsletter<\/li>\n<li>Digitale Kampagne<\/li>\n<li>Search Engine Optimisation &amp; SEO<\/li>\n<li>Direktes Marketing<\/li>\n<li>Suche und Verwaltung von Domainnamen<\/li>\n<\/ul>\n<p>[\/vc_column_text][\/vc_column][\/vc_row][\/vc_section][vc_section el_class=&#8220;two-cols-content fullheight-row&#8220;][vc_row el_class=&#8220;ic-3 clip-path-image-section&#8220;][vc_column width=&#8220;4\/12&#8243; el_class=&#8220;icon&#8220;][vc_single_image image=&#8220;8411&#8243; img_size=&#8220;full&#8220; el_class=&#8220;losange-clip-path&#8220;][\/vc_column][vc_column width=&#8220;5\/12&#8243; el_class=&#8220;dd-opacity dd-parralax clip-path-image-text&#8220;][vc_column_text]<\/p>\n<h1><strong>IA<\/strong><\/h1>\n<p><strong>Ein Katalysator f\u00fcr Kreativit\u00e4t.<\/strong><\/p>\n<p>Bei Diabolo nutzen wir k\u00fcnstliche Intelligenz als ein m\u00e4chtiges Werkzeug, um die Grenzen des M\u00f6glichen zu erweitern, w\u00e4hrend wir den Menschen in den Mittelpunkt des kreativen Prozesses stellen. Unser einzigartiger Ansatz kombiniert menschliches Fachwissen mit technologischer Innovation und gew\u00e4hrleistet so ma\u00dfgeschneiderte L\u00f6sungen, die unsere Kunden an die Spitze ihrer Branche bringen. Mit menschlicher Intervention in jeder wichtigen Phase verwandeln wir die KI in einen echten Innovationspartner, der bereit ist, die einzigartigen Herausforderungen jedes Unternehmens zu meistern.[\/vc_column_text][vc_btn title=&#8220;KI-Projekte ansehen&#8220; align=&#8220;center&#8220; link=&#8220;url:https%3A%2F%2Fwww.diabolo.com%2Fde%2F%3Fpage_id%3D8513|title:Portfolio|&#8220;][\/vc_column][vc_column width=&#8220;3\/12&#8243; el_class=&#8220;dd-opacity&#8220;][vc_column_text]<\/p>\n<h4>Anwendungen<\/h4>\n<ul>\n<li>Sprachliche Unterst\u00fctzung<\/li>\n<li>Redaktion von Inhalten<\/li>\n<li>SEO-Optimierung<\/li>\n<li>Automatisierte \u00dcbersetzung<\/li>\n<li>Visuelle Gestaltung<\/li>\n<li>Einzigartige Illustrationen<\/li>\n<li>3D-Modelle<\/li>\n<li>Audiovisuelle Gestaltung<\/li>\n<li>Videobearbeitung<\/li>\n<li>Intelligente Chatbots mit 24\/7-Support<\/li>\n<\/ul>\n<p>[\/vc_column_text][\/vc_column][\/vc_row][\/vc_section][vc_section el_class=&#8220;two-cols-content fullheight-row darkgrey-section&#8220; el_id=&#8220;moviephoto&#8220;][vc_row el_class=&#8220;ic-4 clip-path-image-section&#8220;][vc_column width=&#8220;4\/12&#8243; el_class=&#8220;icon&#8220;][vc_single_image image=&#8220;2462&#8243; img_size=&#8220;full&#8220; el_class=&#8220;round-clip-path&#8220;][\/vc_column][vc_column width=&#8220;5\/12&#8243; el_class=&#8220;dd-opacity dd-parralax clip-path-image-text&#8220;][vc_column_text]<\/p>\n<h1>Foto &amp; Video<\/h1>\n<p><strong>Diabolo bietet Ihnen ein Team mit Erfahrung in Fotografie, Film und Luftaufnahmen.<\/strong><\/p>\n<p>Diese F\u00e4higkeiten verst\u00e4rken die Personalisierung und die Wirkung Ihrer visuellen Kommunikation, die mit Ihrer Markenidentit\u00e4t \u00fcbereinstimmt.<\/p>\n<p>Durch diesen integrierten Ansatz garantieren wir Ihnen eine kontrollierte Produktion, sowohl auf kreativer als auch auf strategischer Ebene, f\u00fcr Inhalte, die Ihren Zielen voll und ganz dienen.[\/vc_column_text][vc_btn title=&#8220;Sehen Sie sich die Foto- und Videoprojekte an&#8220; align=&#8220;center&#8220; link=&#8220;url:https%3A%2F%2Fdiabolo.com%2Fcategory%2Fmovie-et-photo|title:Portfolio|&#8220;][\/vc_column][vc_column width=&#8220;3\/12&#8243; el_class=&#8220;dd-opacity&#8220;][vc_column_text]<\/p>\n<h4>Anwendungen<\/h4>\n<ul>\n<li>Unternehmensfilm<\/li>\n<li>Werbefilm<\/li>\n<li>Fotos von Architektur<\/li>\n<li>Fotos von Lebensmitteln<\/li>\n<li>Werbekampagnen<\/li>\n<li>Portfolio<\/li>\n<li>3D-Synthesebild<\/li>\n<li>Motion Design<\/li>\n<\/ul>\n<p>[\/vc_column_text][\/vc_column][\/vc_row][\/vc_section][vc_section el_id=&#8220;event&#8220; el_class=&#8220;two-cols-content fullheight-row&#8220;][vc_row el_class=&#8220;ic-5 clip-path-image-section&#8220;][vc_column width=&#8220;4\/12&#8243; el_class=&#8220;icon&#8220;][vc_single_image image=&#8220;2401&#8243; img_size=&#8220;full&#8220; el_class=&#8220;frame-clip-path&#8220;][\/vc_column][vc_column width=&#8220;5\/12&#8243; el_class=&#8220;dd-opacity dd-parralax clip-path-image-text&#8220;][vc_column_text]<\/p>\n<h1>Veranstaltungen<\/h1>\n<p><strong>Visuelle, akustische und interaktive Inszenierung, um Ihr Publikum zu \u00fcberraschen<\/strong>.<\/p>\n<p data-start=\"176\" data-end=\"444\"><strong data-start=\"176\" data-end=\"187\">Diabolo<\/strong> hat sich einen Ruf f\u00fcr die \u00e4sthetische Qualit\u00e4t und die kreative Vision seiner St\u00e4nde und Veranstaltungen erworben.<br data-start=\"292\" data-end=\"295\">Wir entwerfen Vorrichtungen, bei denen Einfallsreichtum und technische Meisterschaft zusammenkommen, um Ihre Botschaften zu tragen und Ihr Image in die Zukunft zu projizieren.<\/p>\n<p data-start=\"446\" data-end=\"690\">Ob es sich um Inszenierungen, Licht- und Tonanimationen, spielerische oder didaktische Erfahrungen oder um komplette Szenarien f\u00fcr die Orchestrierung Ihrer Veranstaltungen handelt, unser Ansatz zielt immer darauf ab, Ihr Publikum zu \u00fcberraschen, zu engagieren und zu fesseln.<\/p>\n<p>[\/vc_column_text][vc_btn title=&#8220;Zu den Events-Projekten&#8220; align=&#8220;center&#8220; link=&#8220;url:https%3A%2F%2Fdiabolo.com%2Fcategory%2Fevent|title:Portfolio|&#8220;][\/vc_column][vc_column width=&#8220;3\/12&#8243; el_class=&#8220;dd-opacity&#8220;][vc_column_text]<\/p>\n<h4>Anwendungen<\/h4>\n<ul>\n<li>Stand &amp; Display<\/li>\n<li>Shop in Shop<\/li>\n<li>Organisation von Veranstaltungen<\/li>\n<li>Animationen<\/li>\n<li>Einweihung \/ Jubil\u00e4um<\/li>\n<li>Management der Kommunikation der Veranstaltung (Einladung, Save the date)<\/li>\n<li>Firmengeschenke<\/li>\n<li>Gestaltung von Kommunikationsmedien f\u00fcr Gesch\u00e4ftsr\u00e4ume<\/li>\n<\/ul>\n<p>[\/vc_column_text][\/vc_column][\/vc_row][\/vc_section][vc_section el_class=&#8220;two-cols-content fullheight-row&#8220;][vc_row el_class=&#8220;ic-3 clip-path-image-section&#8220;][vc_column width=&#8220;4\/12&#8243; el_class=&#8220;icon&#8220;][vc_single_image image=&#8220;8414&#8243; img_size=&#8220;full&#8220; el_class=&#8220;trapez-clip-path&#8220;][\/vc_column][vc_column width=&#8220;5\/12&#8243; el_class=&#8220;dd-opacity dd-parralax clip-path-image-text&#8220;][vc_column_text]<\/p>\n<h1><strong>KI-Schulung<\/strong><\/h1>\n<p><strong>Entdecken Sie die Welt der KI und lernen Sie in unseren Kursen, wie Sie ChatGPT nutzen k\u00f6nnen.<\/strong><\/p>\n<p>Tauchen Sie mit unseren umfassenden und leicht zug\u00e4nglichen Kursen in die faszinierende Welt der k\u00fcnstlichen Intelligenz ein.<\/p>\n<p>Unsere Kurse werden von passionierten Experten geleitet, die Sie durch die Schl\u00fcsselkonzepte der KI f\u00fchren und dabei Theorie, Praxis und \u00dcberlegungen zu ethischen und gesellschaftlichen Fragen miteinander verbinden.[\/vc_column_text][vc_btn title=&#8220;KI-Projekte ansehen&#8220; align=&#8220;center&#8220; link=&#8220;url:https%3A%2F%2Fwww.diabolo.com%2Fde%2F%3Fpage_id%3D8513|title:Portfolio|&#8220;][\/vc_column][vc_column width=&#8220;3\/12&#8243; el_class=&#8220;dd-opacity&#8220;][vc_column_text]<\/p>\n<h4>Anwendungen<\/h4>\n<ul>\n<li>Ausbildung in k\u00fcnstlicher Intelligenz<\/li>\n<li>Prompt engineering<\/li>\n<li>Geschichte der KI<\/li>\n<li>Kommunikationstechniken<\/li>\n<li>Schl\u00fcsselkonzepte<\/li>\n<li>Ethische und gesellschaftliche Fragen<\/li>\n<li>Umfassende Ausbildung<\/li>\n<\/ul>\n<p>[\/vc_column_text][\/vc_column][\/vc_row][\/vc_section]<\/p>\n","protected":false},"excerpt":{"rendered":"<p>[vc_section el_id=&#8220;workshop&#8220; el_class=&#8220;two-cols-content fullheight-row&#8220;][vc_row gap=&#8220;10&#8243; el_class=&#8220;ic-1 clip-path-image-section&#8220;][vc_column width=&#8220;4\/12&#8243; el_class=&#8220;icon dd-parralax&#8220;][vc_single_image image=&#8220;2604&#8243; img_size=&#8220;full&#8220; el_class=&#8220;triangle-clip-path&#8220;][\/vc_column][vc_column width=&#8220;5\/12&#8243; el_class=&#8220;dd-opacity dd-parralax clip-path-image-text&#8220;][vc_column_text] Workshop Dies ist ein wichtiger Schritt f\u00fcr die Koh\u00e4renz Ihrer Kommunikation. Unsere Analyse-Workshops bei Diabolo wurden entwickelt, um Ihnen eine klare und strukturierte [&hellip;]<\/p>\n","protected":false},"author":1,"featured_media":0,"parent":0,"menu_order":0,"comment_status":"closed","ping_status":"closed","template":"","meta":{"inline_featured_image":false,"_monsterinsights_skip_tracking":false,"_monsterinsights_sitenote_active":false,"_monsterinsights_sitenote_note":"","_monsterinsights_sitenote_category":0,"footnotes":""},"class_list":["post-8180","page","type-page","status-publish","hentry"],"acf":[],"yoast_head":"<!-- This site is optimized with the Yoast SEO plugin v27.5 - https:\/\/yoast.com\/product\/yoast-seo-wordpress\/ -->\n<title>Diabolo Design | Kompetenzen<\/title>\n<meta name=\"description\" content=\"Entdecken Sie die Kompetenzen von Diabolo Design, Ihrer Agentur f\u00fcr Kommunikation in Vevey. Website, visuelle und digitale Gestaltung, Druck.\" \/>\n<meta name=\"robots\" content=\"index, follow, max-snippet:-1, max-image-preview:large, max-video-preview:-1\" \/>\n<link rel=\"canonical\" href=\"https:\/\/www.diabolo.com\/de\/kompetenzen\/\" \/>\n<meta property=\"og:locale\" content=\"de_DE\" \/>\n<meta property=\"og:type\" content=\"article\" \/>\n<meta property=\"og:title\" content=\"Diabolo Design | Kompetenzen\" \/>\n<meta property=\"og:description\" content=\"Entdecken Sie die Kompetenzen von Diabolo Design, Ihrer Agentur f\u00fcr Kommunikation in Vevey. Website, visuelle und digitale Gestaltung, Druck.\" \/>\n<meta property=\"og:url\" content=\"https:\/\/www.diabolo.com\/de\/kompetenzen\/\" \/>\n<meta property=\"og:site_name\" content=\"Diabolo Design\" \/>\n<meta property=\"article:modified_time\" content=\"2025-07-18T14:52:47+00:00\" \/>\n<meta name=\"twitter:card\" content=\"summary_large_image\" \/>\n<meta name=\"twitter:label1\" content=\"Gesch\u00e4tzte Lesezeit\" \/>\n\t<meta name=\"twitter:data1\" content=\"7\u00a0Minuten\" \/>\n<script type=\"application\/ld+json\" class=\"yoast-schema-graph\">{\"@context\":\"https:\\\/\\\/schema.org\",\"@graph\":[{\"@type\":\"WebPage\",\"@id\":\"https:\\\/\\\/www.diabolo.com\\\/de\\\/kompetenzen\\\/\",\"url\":\"https:\\\/\\\/www.diabolo.com\\\/de\\\/kompetenzen\\\/\",\"name\":\"Diabolo Design | Kompetenzen\",\"isPartOf\":{\"@id\":\"https:\\\/\\\/www.diabolo.com\\\/#website\"},\"datePublished\":\"2021-08-20T09:40:08+00:00\",\"dateModified\":\"2025-07-18T14:52:47+00:00\",\"description\":\"Entdecken Sie die Kompetenzen von Diabolo Design, Ihrer Agentur f\u00fcr Kommunikation in Vevey. Website, visuelle und digitale Gestaltung, Druck.\",\"breadcrumb\":{\"@id\":\"https:\\\/\\\/www.diabolo.com\\\/de\\\/kompetenzen\\\/#breadcrumb\"},\"inLanguage\":\"de\",\"potentialAction\":[{\"@type\":\"ReadAction\",\"target\":[\"https:\\\/\\\/www.diabolo.com\\\/de\\\/kompetenzen\\\/\"]}]},{\"@type\":\"BreadcrumbList\",\"@id\":\"https:\\\/\\\/www.diabolo.com\\\/de\\\/kompetenzen\\\/#breadcrumb\",\"itemListElement\":[{\"@type\":\"ListItem\",\"position\":1,\"name\":\"Accueil\",\"item\":\"https:\\\/\\\/www.diabolo.com\\\/de\\\/startseite\\\/\"},{\"@type\":\"ListItem\",\"position\":2,\"name\":\"Kompetenzen\"}]},{\"@type\":\"WebSite\",\"@id\":\"https:\\\/\\\/www.diabolo.com\\\/#website\",\"url\":\"https:\\\/\\\/www.diabolo.com\\\/\",\"name\":\"Diabolo Design\",\"description\":\"Agence de communication \u00e0 vevey\",\"publisher\":{\"@id\":\"https:\\\/\\\/www.diabolo.com\\\/#organization\"},\"potentialAction\":[{\"@type\":\"SearchAction\",\"target\":{\"@type\":\"EntryPoint\",\"urlTemplate\":\"https:\\\/\\\/www.diabolo.com\\\/?s={search_term_string}\"},\"query-input\":{\"@type\":\"PropertyValueSpecification\",\"valueRequired\":true,\"valueName\":\"search_term_string\"}}],\"inLanguage\":\"de\"},{\"@type\":\"Organization\",\"@id\":\"https:\\\/\\\/www.diabolo.com\\\/#organization\",\"name\":\"Diabolo Design\",\"url\":\"https:\\\/\\\/www.diabolo.com\\\/\",\"logo\":{\"@type\":\"ImageObject\",\"inLanguage\":\"de\",\"@id\":\"https:\\\/\\\/www.diabolo.com\\\/#\\\/schema\\\/logo\\\/image\\\/\",\"url\":\"https:\\\/\\\/www.diabolo.com\\\/wp-content\\\/uploads\\\/2022\\\/04\\\/diabolo-logo.png\",\"contentUrl\":\"https:\\\/\\\/www.diabolo.com\\\/wp-content\\\/uploads\\\/2022\\\/04\\\/diabolo-logo.png\",\"width\":230,\"height\":228,\"caption\":\"Diabolo Design\"},\"image\":{\"@id\":\"https:\\\/\\\/www.diabolo.com\\\/#\\\/schema\\\/logo\\\/image\\\/\"}}]}<\/script>\n<!-- \/ Yoast SEO plugin. -->","yoast_head_json":{"title":"Diabolo Design | Kompetenzen","description":"Entdecken Sie die Kompetenzen von Diabolo Design, Ihrer Agentur f\u00fcr Kommunikation in Vevey. Website, visuelle und digitale Gestaltung, Druck.","robots":{"index":"index","follow":"follow","max-snippet":"max-snippet:-1","max-image-preview":"max-image-preview:large","max-video-preview":"max-video-preview:-1"},"canonical":"https:\/\/www.diabolo.com\/de\/kompetenzen\/","og_locale":"de_DE","og_type":"article","og_title":"Diabolo Design | Kompetenzen","og_description":"Entdecken Sie die Kompetenzen von Diabolo Design, Ihrer Agentur f\u00fcr Kommunikation in Vevey. Website, visuelle und digitale Gestaltung, Druck.","og_url":"https:\/\/www.diabolo.com\/de\/kompetenzen\/","og_site_name":"Diabolo Design","article_modified_time":"2025-07-18T14:52:47+00:00","twitter_card":"summary_large_image","twitter_misc":{"Gesch\u00e4tzte Lesezeit":"7\u00a0Minuten"},"schema":{"@context":"https:\/\/schema.org","@graph":[{"@type":"WebPage","@id":"https:\/\/www.diabolo.com\/de\/kompetenzen\/","url":"https:\/\/www.diabolo.com\/de\/kompetenzen\/","name":"Diabolo Design | Kompetenzen","isPartOf":{"@id":"https:\/\/www.diabolo.com\/#website"},"datePublished":"2021-08-20T09:40:08+00:00","dateModified":"2025-07-18T14:52:47+00:00","description":"Entdecken Sie die Kompetenzen von Diabolo Design, Ihrer Agentur f\u00fcr Kommunikation in Vevey. Website, visuelle und digitale Gestaltung, Druck.","breadcrumb":{"@id":"https:\/\/www.diabolo.com\/de\/kompetenzen\/#breadcrumb"},"inLanguage":"de","potentialAction":[{"@type":"ReadAction","target":["https:\/\/www.diabolo.com\/de\/kompetenzen\/"]}]},{"@type":"BreadcrumbList","@id":"https:\/\/www.diabolo.com\/de\/kompetenzen\/#breadcrumb","itemListElement":[{"@type":"ListItem","position":1,"name":"Accueil","item":"https:\/\/www.diabolo.com\/de\/startseite\/"},{"@type":"ListItem","position":2,"name":"Kompetenzen"}]},{"@type":"WebSite","@id":"https:\/\/www.diabolo.com\/#website","url":"https:\/\/www.diabolo.com\/","name":"Diabolo Design","description":"Agence de communication \u00e0 vevey","publisher":{"@id":"https:\/\/www.diabolo.com\/#organization"},"potentialAction":[{"@type":"SearchAction","target":{"@type":"EntryPoint","urlTemplate":"https:\/\/www.diabolo.com\/?s={search_term_string}"},"query-input":{"@type":"PropertyValueSpecification","valueRequired":true,"valueName":"search_term_string"}}],"inLanguage":"de"},{"@type":"Organization","@id":"https:\/\/www.diabolo.com\/#organization","name":"Diabolo Design","url":"https:\/\/www.diabolo.com\/","logo":{"@type":"ImageObject","inLanguage":"de","@id":"https:\/\/www.diabolo.com\/#\/schema\/logo\/image\/","url":"https:\/\/www.diabolo.com\/wp-content\/uploads\/2022\/04\/diabolo-logo.png","contentUrl":"https:\/\/www.diabolo.com\/wp-content\/uploads\/2022\/04\/diabolo-logo.png","width":230,"height":228,"caption":"Diabolo Design"},"image":{"@id":"https:\/\/www.diabolo.com\/#\/schema\/logo\/image\/"}}]}},"_links":{"self":[{"href":"https:\/\/www.diabolo.com\/de\/wp-json\/wp\/v2\/pages\/8180","targetHints":{"allow":["GET"]}}],"collection":[{"href":"https:\/\/www.diabolo.com\/de\/wp-json\/wp\/v2\/pages"}],"about":[{"href":"https:\/\/www.diabolo.com\/de\/wp-json\/wp\/v2\/types\/page"}],"author":[{"embeddable":true,"href":"https:\/\/www.diabolo.com\/de\/wp-json\/wp\/v2\/users\/1"}],"replies":[{"embeddable":true,"href":"https:\/\/www.diabolo.com\/de\/wp-json\/wp\/v2\/comments?post=8180"}],"version-history":[{"count":57,"href":"https:\/\/www.diabolo.com\/de\/wp-json\/wp\/v2\/pages\/8180\/revisions"}],"predecessor-version":[{"id":9816,"href":"https:\/\/www.diabolo.com\/de\/wp-json\/wp\/v2\/pages\/8180\/revisions\/9816"}],"wp:attachment":[{"href":"https:\/\/www.diabolo.com\/de\/wp-json\/wp\/v2\/media?parent=8180"}],"curies":[{"name":"wp","href":"https:\/\/api.w.org\/{rel}","templated":true}]}}